{"id":455,"date":"2026-01-14T11:48:03","date_gmt":"2026-01-14T10:48:03","guid":{"rendered":"https:\/\/www.ibaitel.eus\/?page_id=455"},"modified":"2026-02-13T11:42:41","modified_gmt":"2026-02-13T10:42:41","slug":"hablamos","status":"publish","type":"page","link":"https:\/\/www.ibaitel.eus\/eu\/hablamos\/","title":{"rendered":"HITZ EGINGO DUGU?"},"content":{"rendered":"<div class=\"wp-block-group is-vertical is-content-justification-center is-layout-flex wp-container-core-group-is-layout-4b2eccd6 wp-block-group-is-layout-flex\">\n<div class=\"wp-block-stackable-image stk-block-image stk-block stk-0c2430c\" data-block-id=\"0c2430c\"><figure><span class=\"stk-img-wrapper stk-image--shape-stretch\"><img fetchpriority=\"high\" decoding=\"async\" class=\"stk-img wp-image-464\" src=\"https:\/\/www.ibaitel.eus\/wp-content\/uploads\/2026\/01\/banner-hablamos.jpg\" width=\"1920\" height=\"394\"\/><\/span><\/figure><\/div>\n\n\n\n<div class=\"wp-block-stackable-columns stk-block-columns stk-block stk-eaf3dc8 w100\" data-block-id=\"eaf3dc8\"><style>.stk-eaf3dc8 .stk--block-align-eaf3dc8{align-items:center !important;}.stk-eaf3dc8 {margin-top:0px !important;margin-bottom:0px !important;}.stk-eaf3dc8-column{justify-content:center !important;}<\/style><div class=\"stk-row stk-inner-blocks stk--block-align-eaf3dc8 stk-block-content stk-content-align stk-eaf3dc8-column stk--flex\">\n<div class=\"wp-block-stackable-column stk-block-column stk-column stk-block stk-998b747\" data-v=\"4\" data-block-id=\"998b747\"><style>.stk-998b747-inner-blocks{align-items:flex-start !important;}.stk-998b747 {max-width:1645px !important;min-width:auto !important;margin-right:auto !important;margin-left:auto !important;}<\/style><div class=\"stk-column-wrapper stk-block-column__content stk-container stk-998b747-container stk--no-background stk--no-padding\"><div class=\"has-text-align-left stk--column-flex stk-block-content stk-inner-blocks stk-998b747-inner-blocks\"><div class=\"yoast-breadcrumbs\"><span><span><a href=\"https:\/\/www.ibaitel.eus\/eu\/\">HASIERA-ORRIA<\/a><\/span>  <span class=\"breadcrumb_last\" aria-current=\"page\">HITZ EGINGO DUGU?<\/span><\/span><\/div><\/div><\/div><\/div>\n<\/div><\/div>\n\n\n\n<div class=\"wp-block-stackable-columns stk-block-columns stk-block stk-70c7790\" data-block-id=\"70c7790\"><style>.stk-70c7790 {margin-top:-85px !important;margin-bottom:1px !important;}<\/style><div class=\"stk-row stk-inner-blocks stk-block-content stk-content-align stk-70c7790-column\">\n<div class=\"wp-block-stackable-column stk-block-column stk-column stk-block stk-c02cb84\" data-v=\"4\" data-block-id=\"c02cb84\"><style>.stk-c02cb84 {margin-top:-30px !important;}<\/style><div class=\"stk-column-wrapper stk-block-column__content stk-container stk-c02cb84-container stk--no-background stk--no-padding\"><div class=\"stk-block-content stk-inner-blocks stk-c02cb84-inner-blocks\">\n<div class=\"wp-block-stackable-icon stk-block-icon has-text-align-center stk-block stk-00b6e6c stk-block-background\" data-block-id=\"00b6e6c\"><style>.stk-00b6e6c {background-color:#e2007a !important;border-top-left-radius:var(--stk--preset--border-radius--full, 9999px) !important;border-top-right-radius:var(--stk--preset--border-radius--full, 9999px) !important;border-bottom-right-radius:var(--stk--preset--border-radius--full, 9999px) !important;border-bottom-left-radius:var(--stk--preset--border-radius--full, 9999px) !important;overflow:hidden !important;box-shadow:none !important;border-style:solid !important;border-color:#ffffff !important;border-top-width:4px !important;border-right-width:4px !important;border-bottom-width:4px !important;border-left-width:4px !important;max-width:100px !important;min-width:auto !important;margin-top:0px !important;margin-right:auto !important;margin-bottom:0px !important;margin-left:auto !important;}.stk-00b6e6c:before{background-color:#e2007a !important;}.stk-00b6e6c .stk--svg-wrapper .stk--inner-svg svg:last-child{height:45px !important;width:45px !important;}.stk-00b6e6c .stk--svg-wrapper .stk--inner-svg svg:last-child, .stk-00b6e6c .stk--svg-wrapper .stk--inner-svg svg:last-child :is(g, path, rect, polygon, ellipse){fill:#ffffff !important;}.stk-00b6e6c .stk--svg-wrapper .stk--inner-svg{border-radius:100% !important;padding:0px !important;border-top-width:0px !important;border-right-width:0px !important;border-bottom-width:0px !important;border-left-width:0px !important;}<\/style><span class=\"stk--svg-wrapper\"><div class=\"stk--inner-svg\"><svg style=\"height:0;width:0\"><defs><lineargradient id=\"linear-gradient-00b6e6c\" x1=\"0\" x2=\"100%\" y1=\"0\" y2=\"0\"><stop offset=\"0%\" style=\"stop-opacity:1;stop-color:var(--linear-gradient-00-b-6-e-6-c-color-1)\"><\/stop><stop offset=\"100%\" style=\"stop-opacity:1;stop-color:var(--linear-gradient-00-b-6-e-6-c-color-2)\"><\/stop><\/lineargradient><\/defs><\/svg><svg class=\"ugb-custom-icon\" id=\"Capa_2-38195\" xmlns=\"http:\/\/www.w3.org\/2000\/svg\" version=\"1.1\" viewbox=\"0 0 171.9 347.5\" aria-hidden=\"true\" width=\"32\" height=\"32\">\n  \n  <defs>\n    <style>\n      .st0 {\n        fill: #fff;\n      }\n\n      .st1 {\n        fill: #d2d3d4;\n      }\n\n      .st2 {\n        isolation: isolate;\n      }\n    <\/style>\n  <\/defs>\n  <g id=\"COLOR-38195\">\n    <g id=\"NEGATIVO-38195\">\n      <g id=\"logo_vertical-38195\">\n          <circle class=\"st0\" cx=\"141.7\" cy=\"245.5\" r=\"30.2\"\/>\n          <circle class=\"st1\" cx=\"141.7\" cy=\"167.5\" r=\"30.2\"\/>\n          <circle class=\"st1\" cx=\"141.7\" cy=\"89.4\" r=\"30.2\"\/>\n          <g class=\"st2\">\n            <g class=\"st2\">\n              <path class=\"st0\" d=\"M44,88c-6,0-11.1-1.8-15.4-5.5-4.3-3.7-6.4-8.9-6.4-15.6s2.2-11.1,6.6-15.1c4.4-3.9,9.4-5.9,15.2-5.9s10.5,1.8,14.8,5.4c4.3,3.6,6.5,8.8,6.5,15.6s-2.1,11.8-6.3,15.5c-4.2,3.7-9.2,5.6-15,5.6ZM65.4,132.5v124.5c0,8.6-2.1,15.2-6.2,19.6-4.1,4.4-9.3,6.6-15.6,6.6s-11.4-2.3-15.4-6.8c-3.9-4.5-5.9-11-5.9-19.4v-123.3c0-8.5,2-14.9,5.9-19.3,3.9-4.3,9.1-6.5,15.4-6.5s11.5,2.2,15.6,6.5c4.1,4.3,6.2,10.3,6.2,18Z\"\/>\n            <\/g>\n        <\/g>\n      <\/g>\n    <\/g>\n  <\/g>\n<\/svg><\/div><\/span><\/div>\n<\/div><\/div><\/div>\n<\/div><\/div>\n\n\n<h2 class=\"wp-block-post-title\">HITZ EGINGO DUGU?<\/h2>\n\n\n<p class=\"product-claim\">Zure proiektua bultzatzen lagundu nahi dizugu<\/p>\n\n\n\n<div class=\"wp-block-stackable-columns stk-block-columns stk-block stk-b174390\" data-block-id=\"b174390\"><style>.stk-b174390 {margin-top:20px !important;margin-right:20px !important;margin-bottom:20px !important;margin-left:20px !important;}<\/style><div class=\"stk-row stk-inner-blocks stk-block-content stk-content-align stk-b174390-column\">\n<div class=\"wp-block-stackable-column stk-block-column stk-column stk-block stk-9e4c5dd\" data-v=\"4\" data-block-id=\"9e4c5dd\"><div class=\"stk-column-wrapper stk-block-column__content stk-container stk-9e4c5dd-container stk--no-background stk--no-padding\"><div class=\"has-text-align-left stk-block-content stk-inner-blocks stk-9e4c5dd-inner-blocks\">\n<p>Gure zerbitzuei buruzko informazio gehiago nahi baduzu, lankidetza-ildo posibleak aztertu nahi badituzu edo erronka teknologiko bat planteatu nahi badiguzu, gurekin harremanetan jar zaitezke. <\/p>\n\n\n\n<p>Asko gustatuko zaigu zuri entzutea eta zuri laguntzeko modurik onena aztertzea.<\/p>\n\n\n\n<div class=\"wp-block-stackable-columns stk-block-columns stk-block stk-2544196\" data-block-id=\"2544196\"><style>.stk-2544196 {margin-top:20px !important;margin-bottom:0px !important;}<\/style><div class=\"stk-row stk-inner-blocks stk-block-content stk-content-align stk-2544196-column\">\n<div class=\"wp-block-stackable-column stk-block-column stk-column stk-block stk-b6cf6dc\" data-v=\"4\" data-block-id=\"b6cf6dc\"><style>.stk-b6cf6dc-inner-blocks{align-items:flex-end !important;}@media screen and (max-width: 1023px){.stk-b6cf6dc-inner-blocks{align-items:flex-start !important;}}<\/style><div class=\"stk-column-wrapper stk-block-column__content stk-container stk-b6cf6dc-container stk--no-background stk--no-padding\"><div class=\"has-text-align-right has-text-align-left-tablet stk--column-flex stk-block-content stk-inner-blocks stk-b6cf6dc-inner-blocks\">\n<p class=\"has-text-align-left mb-0\"><strong>Egoitza<\/strong><\/p>\n\n\n\n<p>Maria Kristina Erregina kalea 10, 6.<br>Getxo \u2013 Areeta, Bizkaia<br>48930, Espainia<\/p>\n\n\n\n<p class=\"mb-0\"><strong>Emaila<\/strong><\/p>\n\n\n\n<p class=\"mb-0\">buzon@ibaitel.eus<\/p>\n<\/div><\/div><\/div>\n\n\n\n<div class=\"wp-block-stackable-column stk-block-column stk-column stk-block stk-dc91503\" data-v=\"4\" data-block-id=\"dc91503\"><div class=\"stk-column-wrapper stk-block-column__content stk-container stk-dc91503-container stk--no-background stk--no-padding\"><div class=\"stk-block-content stk-inner-blocks stk-dc91503-inner-blocks\">\n<div class=\"wpcf7 no-js\" id=\"wpcf7-f15-o1\" lang=\"es-ES\" dir=\"ltr\" data-wpcf7-id=\"15\">\n<div class=\"screen-reader-response\"><p role=\"status\" aria-live=\"polite\" aria-atomic=\"true\"><\/p> <ul><\/ul><\/div>\n<form action=\"\/eu\/wp-json\/wp\/v2\/pages\/455#wpcf7-f15-o1\" method=\"post\" class=\"wpcf7-form init\" aria-label=\"Formulario de contacto\" novalidate=\"novalidate\" data-status=\"init\" data-trp-original-action=\"\/eu\/wp-json\/wp\/v2\/pages\/455#wpcf7-f15-o1\">\n<fieldset class=\"hidden-fields-container\"><input type=\"hidden\" name=\"_wpcf7\" value=\"15\" \/><input type=\"hidden\" name=\"_wpcf7_version\" value=\"6.1.5\" \/><input type=\"hidden\" name=\"_wpcf7_locale\" value=\"es_ES\" \/><input type=\"hidden\" name=\"_wpcf7_unit_tag\" value=\"wpcf7-f15-o1\" \/><input type=\"hidden\" name=\"_wpcf7_container_post\" value=\"0\" \/><input type=\"hidden\" name=\"_wpcf7_posted_data_hash\" value=\"\" \/>\n<\/fieldset>\n<div class=\"contact-form-int\">\n\t<p><br \/>\n<label for=\"contact-name\"><span class=\"fas fa-asterisk required\"><\/span> IZEN<\/label><br \/>\n<span class=\"wpcf7-form-control-wrap\" data-name=\"contact-name\"><input size=\"40\" maxlength=\"400\" class=\"wpcf7-form-control wpcf7-text wpcf7-validates-as-required contact-name\" id=\"contact-name\" aria-required=\"true\" aria-invalid=\"false\" value=\"\" type=\"text\" name=\"contact-name\" \/><\/span>\n\t<\/p>\n\t<p><br \/>\n<label for=\"contact-email\"><span class=\"fas fa-asterisk required\"><\/span> EMAILA<\/label><br \/>\n<span class=\"wpcf7-form-control-wrap\" data-name=\"contact-email\"><input size=\"40\" maxlength=\"400\" class=\"wpcf7-form-control wpcf7-email wpcf7-validates-as-required wpcf7-text wpcf7-validates-as-email contact-email\" id=\"contact-email\" aria-required=\"true\" aria-invalid=\"false\" value=\"\" type=\"email\" name=\"contact-email\" \/><\/span>\n\t<\/p>\n\t<p><br \/>\n<label for=\"contact-asunto\"><span class=\"fas fa-asterisk required\"><\/span> POSTAREN GAIA<\/label><br \/>\n<span class=\"wpcf7-form-control-wrap\" data-name=\"contact-asunto\"><input size=\"40\" maxlength=\"400\" class=\"wpcf7-form-control wpcf7-text wpcf7-validates-as-required contact-asunto\" id=\"contact-asunto\" aria-required=\"true\" aria-invalid=\"false\" value=\"\" type=\"text\" name=\"contact-asunto\" \/><\/span>\n\t<\/p>\n\t<p><br \/>\n<label for=\"contact-message\"><span class=\"fas fa-asterisk required\"><\/span> MEZU<\/label><br \/>\n<span class=\"wpcf7-form-control-wrap\" data-name=\"contact-message\"><textarea cols=\"40\" rows=\"10\" maxlength=\"2000\" class=\"wpcf7-form-control wpcf7-textarea wpcf7-validates-as-required contact-message\" id=\"contact-message\" aria-required=\"true\" aria-invalid=\"false\" name=\"contact-message\"><\/textarea><\/span>\n\t<\/p>\n\t<p><span class=\"wpcf7-form-control-wrap\" data-name=\"accept-this-1\"><span class=\"wpcf7-form-control wpcf7-acceptance\"><span class=\"wpcf7-list-item\"><label><input type=\"checkbox\" name=\"accept-this-1\" value=\"1\" aria-invalid=\"false\" \/><span class=\"wpcf7-list-item-label\">Irakurri eta onartu dut <a href=\"..\/politica-privacidad\/\">Pribatutasun-politika<\/a>.<\/span><\/label><\/span><\/span><\/span>\n\t<\/p>\n\t<p class=\"custom-captcha\"><br \/>\n<label>Sartu kode hau: <input type=\"hidden\" name=\"_wpcf7_captcha_challenge_captcha-170\" value=\"2551214800\" \/><img decoding=\"async\" class=\"wpcf7-form-control wpcf7-captchac wpcf7-captcha-captcha-170\" width=\"72\" height=\"24\" alt=\"captcha\" src=\"https:\/\/www.ibaitel.eus\/wp-content\/uploads\/wpcf7_captcha\/2551214800.png\" \/><\/label>\n\t<\/p>\n\t<div>\n\t\t<p><span class=\"wpcf7-form-control-wrap\" data-name=\"captcha-170\"><input size=\"4\" maxlength=\"4\" class=\"wpcf7-form-control wpcf7-captchar\" autocomplete=\"off\" aria-invalid=\"false\" value=\"\" type=\"text\" name=\"captcha-170\" \/><\/span>\n\t\t<\/p>\n\t<\/div>\n\t<p><br \/>\n<button alt=\"Bot\u00f3n enviar del formulario\" title=\"Bot\u00f3n enviar del formulario\" type=\"submit\" class=\"send-button\"><br \/>\n<span class=\"fas fa-paper-plane\" title=\"Bidali formularioa\"><\/span><br \/>\n<\/button>\n\t<\/p>\n<\/div><div class=\"wpcf7-response-output\" aria-hidden=\"true\"><\/div>\n<input type=\"hidden\" name=\"trp-form-language\" value=\"eu\"\/><\/form>\n<\/div>\n\n<\/div><\/div><\/div>\n<\/div><\/div>\n<\/div><\/div><\/div>\n<\/div><\/div>\n<\/div>","protected":false},"excerpt":{"rendered":"<p>Queremos ayudarte a impulsar tu proyecto Si deseas ampliar informaci\u00f3n sobre nuestros servicios, explorar posibles l\u00edneas de colaboraci\u00f3n o plantearnos un reto tecnol\u00f3gico, puedes ponerte en contacto con nosotros. Nos encantar\u00e1 escucharte y analizar contigo la mejor forma de ayudarte. Sede Calle Reina Mar\u00eda Cristina, 10, 6\u00baGetxo \u2013 Las Arenas, Bizkaia48930, Espa\u00f1a Email buzon@ibaitel.eus<\/p>","protected":false},"author":1,"featured_media":321,"parent":0,"menu_order":0,"comment_status":"closed","ping_status":"closed","template":"fullwidth.php","meta":{"_eb_attr":"","inline_featured_image":false,"_uag_custom_page_level_css":"","footnotes":""},"class_list":["post-455","page","type-page","status-publish","has-post-thumbnail","hentry"],"yoast_head":"<!-- This site is optimized with the Yoast SEO plugin v26.9 - https:\/\/yoast.com\/product\/yoast-seo-wordpress\/ -->\n<title>\u00bfHABLAMOS? - Ibaitel<\/title>\n<meta name=\"robots\" content=\"index, follow, max-snippet:-1, max-image-preview:large, max-video-preview:-1\" \/>\n<link rel=\"canonical\" href=\"https:\/\/www.ibaitel.eus\/eu\/hablamos\/\" \/>\n<meta property=\"og:locale\" content=\"en_US\" \/>\n<meta property=\"og:type\" content=\"article\" \/>\n<meta property=\"og:title\" content=\"\u00bfHABLAMOS? - Ibaitel\" \/>\n<meta property=\"og:description\" content=\"Queremos ayudarte a impulsar tu proyecto Si deseas ampliar informaci\u00f3n sobre nuestros servicios, explorar posibles l\u00edneas de colaboraci\u00f3n o plantearnos un reto tecnol\u00f3gico, puedes ponerte en contacto con nosotros. Nos encantar\u00e1 escucharte y analizar contigo la mejor forma de ayudarte. Sede Calle Reina Mar\u00eda Cristina, 10, 6\u00baGetxo \u2013 Las Arenas, Bizkaia48930, Espa\u00f1a Email buzon@ibaitel.eus\" \/>\n<meta property=\"og:url\" content=\"https:\/\/www.ibaitel.eus\/eu\/hablamos\/\" \/>\n<meta property=\"og:site_name\" content=\"Ibaitel\" \/>\n<meta property=\"article:modified_time\" content=\"2026-02-13T10:42:41+00:00\" \/>\n<meta property=\"og:image\" content=\"https:\/\/www.ibaitel.eus\/wp-content\/uploads\/2026\/01\/banner-servicios.jpg\" \/>\n\t<meta property=\"og:image:width\" content=\"1920\" \/>\n\t<meta property=\"og:image:height\" content=\"394\" \/>\n\t<meta property=\"og:image:type\" content=\"image\/jpeg\" \/>\n<meta name=\"twitter:card\" content=\"summary_large_image\" \/>\n<meta name=\"twitter:label1\" content=\"Est. reading time\" \/>\n\t<meta name=\"twitter:data1\" content=\"1 minutua\" \/>\n<script type=\"application\/ld+json\" class=\"yoast-schema-graph\">{\"@context\":\"https:\/\/schema.org\",\"@graph\":[{\"@type\":\"WebPage\",\"@id\":\"https:\/\/www.ibaitel.eus\/hablamos\/\",\"url\":\"https:\/\/www.ibaitel.eus\/hablamos\/\",\"name\":\"\u00bfHABLAMOS? - Ibaitel\",\"isPartOf\":{\"@id\":\"https:\/\/www.ibaitel.eus\/#website\"},\"primaryImageOfPage\":{\"@id\":\"https:\/\/www.ibaitel.eus\/hablamos\/#primaryimage\"},\"image\":{\"@id\":\"https:\/\/www.ibaitel.eus\/hablamos\/#primaryimage\"},\"thumbnailUrl\":\"https:\/\/www.ibaitel.eus\/wp-content\/uploads\/2026\/01\/banner-servicios.jpg\",\"datePublished\":\"2026-01-14T10:48:03+00:00\",\"dateModified\":\"2026-02-13T10:42:41+00:00\",\"breadcrumb\":{\"@id\":\"https:\/\/www.ibaitel.eus\/hablamos\/#breadcrumb\"},\"inLanguage\":\"eu\",\"potentialAction\":[{\"@type\":\"ReadAction\",\"target\":[\"https:\/\/www.ibaitel.eus\/hablamos\/\"]}]},{\"@type\":\"ImageObject\",\"inLanguage\":\"eu\",\"@id\":\"https:\/\/www.ibaitel.eus\/hablamos\/#primaryimage\",\"url\":\"https:\/\/www.ibaitel.eus\/wp-content\/uploads\/2026\/01\/banner-servicios.jpg\",\"contentUrl\":\"https:\/\/www.ibaitel.eus\/wp-content\/uploads\/2026\/01\/banner-servicios.jpg\",\"width\":1920,\"height\":394},{\"@type\":\"BreadcrumbList\",\"@id\":\"https:\/\/www.ibaitel.eus\/hablamos\/#breadcrumb\",\"itemListElement\":[{\"@type\":\"ListItem\",\"position\":1,\"name\":\"Home\",\"item\":\"https:\/\/www.ibaitel.eus\/\"},{\"@type\":\"ListItem\",\"position\":2,\"name\":\"\u00bfHABLAMOS?\"}]},{\"@type\":\"WebSite\",\"@id\":\"https:\/\/www.ibaitel.eus\/#website\",\"url\":\"https:\/\/www.ibaitel.eus\/\",\"name\":\"Ibaitel\",\"description\":\"\",\"potentialAction\":[{\"@type\":\"SearchAction\",\"target\":{\"@type\":\"EntryPoint\",\"urlTemplate\":\"https:\/\/www.ibaitel.eus\/?s={search_term_string}\"},\"query-input\":{\"@type\":\"PropertyValueSpecification\",\"valueRequired\":true,\"valueName\":\"search_term_string\"}}],\"inLanguage\":\"eu\"}]}<\/script>\n<!-- \/ Yoast SEO plugin. -->","yoast_head_json":{"title":"\u00bfHABLAMOS? - Ibaitel","robots":{"index":"index","follow":"follow","max-snippet":"max-snippet:-1","max-image-preview":"max-image-preview:large","max-video-preview":"max-video-preview:-1"},"canonical":"https:\/\/www.ibaitel.eus\/eu\/hablamos\/","og_locale":"en_US","og_type":"article","og_title":"\u00bfHABLAMOS? - Ibaitel","og_description":"Queremos ayudarte a impulsar tu proyecto Si deseas ampliar informaci\u00f3n sobre nuestros servicios, explorar posibles l\u00edneas de colaboraci\u00f3n o plantearnos un reto tecnol\u00f3gico, puedes ponerte en contacto con nosotros. Nos encantar\u00e1 escucharte y analizar contigo la mejor forma de ayudarte. Sede Calle Reina Mar\u00eda Cristina, 10, 6\u00baGetxo \u2013 Las Arenas, Bizkaia48930, Espa\u00f1a Email buzon@ibaitel.eus","og_url":"https:\/\/www.ibaitel.eus\/eu\/hablamos\/","og_site_name":"Ibaitel","article_modified_time":"2026-02-13T10:42:41+00:00","og_image":[{"width":1920,"height":394,"url":"https:\/\/www.ibaitel.eus\/wp-content\/uploads\/2026\/01\/banner-servicios.jpg","type":"image\/jpeg"}],"twitter_card":"summary_large_image","twitter_misc":{"Est. reading time":"1 minutua"},"schema":{"@context":"https:\/\/schema.org","@graph":[{"@type":"WebPage","@id":"https:\/\/www.ibaitel.eus\/hablamos\/","url":"https:\/\/www.ibaitel.eus\/hablamos\/","name":"\u00bfHABLAMOS? - Ibaitel","isPartOf":{"@id":"https:\/\/www.ibaitel.eus\/#website"},"primaryImageOfPage":{"@id":"https:\/\/www.ibaitel.eus\/hablamos\/#primaryimage"},"image":{"@id":"https:\/\/www.ibaitel.eus\/hablamos\/#primaryimage"},"thumbnailUrl":"https:\/\/www.ibaitel.eus\/wp-content\/uploads\/2026\/01\/banner-servicios.jpg","datePublished":"2026-01-14T10:48:03+00:00","dateModified":"2026-02-13T10:42:41+00:00","breadcrumb":{"@id":"https:\/\/www.ibaitel.eus\/hablamos\/#breadcrumb"},"inLanguage":"eu","potentialAction":[{"@type":"ReadAction","target":["https:\/\/www.ibaitel.eus\/hablamos\/"]}]},{"@type":"ImageObject","inLanguage":"eu","@id":"https:\/\/www.ibaitel.eus\/hablamos\/#primaryimage","url":"https:\/\/www.ibaitel.eus\/wp-content\/uploads\/2026\/01\/banner-servicios.jpg","contentUrl":"https:\/\/www.ibaitel.eus\/wp-content\/uploads\/2026\/01\/banner-servicios.jpg","width":1920,"height":394},{"@type":"BreadcrumbList","@id":"https:\/\/www.ibaitel.eus\/hablamos\/#breadcrumb","itemListElement":[{"@type":"ListItem","position":1,"name":"Home","item":"https:\/\/www.ibaitel.eus\/"},{"@type":"ListItem","position":2,"name":"\u00bfHABLAMOS?"}]},{"@type":"WebSite","@id":"https:\/\/www.ibaitel.eus\/#website","url":"https:\/\/www.ibaitel.eus\/","name":"Ibaitel","description":"","potentialAction":[{"@type":"SearchAction","target":{"@type":"EntryPoint","urlTemplate":"https:\/\/www.ibaitel.eus\/?s={search_term_string}"},"query-input":{"@type":"PropertyValueSpecification","valueRequired":true,"valueName":"search_term_string"}}],"inLanguage":"eu"}]}},"uagb_featured_image_src":{"full":["https:\/\/www.ibaitel.eus\/wp-content\/uploads\/2026\/01\/banner-servicios.jpg",1920,394,false],"thumbnail":["https:\/\/www.ibaitel.eus\/wp-content\/uploads\/2026\/01\/banner-servicios.jpg",150,31,false],"medium":["https:\/\/www.ibaitel.eus\/wp-content\/uploads\/2026\/01\/banner-servicios.jpg",300,62,false],"medium_large":["https:\/\/www.ibaitel.eus\/wp-content\/uploads\/2026\/01\/banner-servicios.jpg",768,158,false],"large":["https:\/\/www.ibaitel.eus\/wp-content\/uploads\/2026\/01\/banner-servicios.jpg",1024,210,false],"1536x1536":["https:\/\/www.ibaitel.eus\/wp-content\/uploads\/2026\/01\/banner-servicios.jpg",1536,315,false],"2048x2048":["https:\/\/www.ibaitel.eus\/wp-content\/uploads\/2026\/01\/banner-servicios.jpg",1920,394,false],"trp-custom-language-flag":["https:\/\/www.ibaitel.eus\/wp-content\/uploads\/2026\/01\/banner-servicios.jpg",18,4,false]},"uagb_author_info":{"display_name":"ibaitel-adm","author_link":"https:\/\/www.ibaitel.eus\/eu\/author\/ibaitel-adm\/"},"uagb_comment_info":0,"uagb_excerpt":"Queremos ayudarte a impulsar tu proyecto Si deseas ampliar informaci\u00f3n sobre nuestros servicios, explorar posibles l\u00edneas de colaboraci\u00f3n o plantearnos un reto tecnol\u00f3gico, puedes ponerte en contacto con nosotros. Nos encantar\u00e1 escucharte y analizar contigo la mejor forma de ayudarte. Sede Calle Reina Mar\u00eda Cristina, 10, 6\u00baGetxo \u2013 Las Arenas, Bizkaia48930, Espa\u00f1a Email buzon@ibaitel.eus","_links":{"self":[{"href":"https:\/\/www.ibaitel.eus\/eu\/wp-json\/wp\/v2\/pages\/455","targetHints":{"allow":["GET"]}}],"collection":[{"href":"https:\/\/www.ibaitel.eus\/eu\/wp-json\/wp\/v2\/pages"}],"about":[{"href":"https:\/\/www.ibaitel.eus\/eu\/wp-json\/wp\/v2\/types\/page"}],"author":[{"embeddable":true,"href":"https:\/\/www.ibaitel.eus\/eu\/wp-json\/wp\/v2\/users\/1"}],"replies":[{"embeddable":true,"href":"https:\/\/www.ibaitel.eus\/eu\/wp-json\/wp\/v2\/comments?post=455"}],"version-history":[{"count":2,"href":"https:\/\/www.ibaitel.eus\/eu\/wp-json\/wp\/v2\/pages\/455\/revisions"}],"predecessor-version":[{"id":678,"href":"https:\/\/www.ibaitel.eus\/eu\/wp-json\/wp\/v2\/pages\/455\/revisions\/678"}],"wp:featuredmedia":[{"embeddable":true,"href":"https:\/\/www.ibaitel.eus\/eu\/wp-json\/wp\/v2\/media\/321"}],"wp:attachment":[{"href":"https:\/\/www.ibaitel.eus\/eu\/wp-json\/wp\/v2\/media?parent=455"}],"curies":[{"name":"wp","href":"https:\/\/api.w.org\/{rel}","templated":true}]}}